{"id":3662,"date":"2019-01-21T13:23:15","date_gmt":"2019-01-21T15:23:15","guid":{"rendered":"https:\/\/www.toursbahia.com.br\/\/produto\/sincategorizar\/salvador-arte-e-sabor-passeio\/"},"modified":"2019-02-06T01:15:40","modified_gmt":"2019-02-06T03:15:40","slug":"salvador-art-y-sabor-excursion","status":"publish","type":"product","link":"https:\/\/www.toursbahia.com.br\/es\/loja\/excursiones\/salvador-art-y-sabor-excursion\/","title":{"rendered":"Salvador Art y Sabor &#8211; Excursi\u00f3n"},"content":{"rendered":"","protected":false},"excerpt":{"rendered":"<p>Haremos un recorrido entre los barrios de Barra y Rio Vermelho visitando los Fuertes de Santa Mar\u00eda y S\u00e3o Diogo, el Memorial de la Casa de Jorge Amado y el Mercado de Rio Vermelho, tambi\u00e9n conocido como Ceasinha. Ubicados en la playa de Porto da Barra, los fuertes de Santa Mar\u00eda y S\u00e3o Diogo, que hist\u00f3ricamente sirvieron para defender la Bah\u00eda de Todos los Santos, ahora albergan espacios culturales con exposiciones interactivas del fot\u00f3grafo y etn\u00f3grafo franco-brasile\u00f1o Pierre Verger y del artista pl\u00e1stico argentino Caryb\u00e9.<\/p>\n<p>Continuaremos nuestro recorrido en direcci\u00f3n al barrio de Rio Vermelho, considerado uno de los m\u00e1s bohemios de la ciudad. Visitaremos el Memorial de la Casa do Rio Vermelho, que fue el hogar de Jorge Amado y Z\u00e9lia Gattai. veremos que este espacio no se limita a la historia de los escritores, sino a los personajes, costumbres y signos que ayudaron a forjar la identidad de Bah\u00eda que fue presentada al mundo. Poco despu\u00e9s de la visita, seguiremos hacia el Mercado de Rio Vermelho (Ceasinha), un escaparate no s\u00f3lo para la artesan\u00eda de Bah\u00eda, sino tambi\u00e9n para la cocina regional. Podremos parar para ir de compras, para una degustaci\u00f3n de fruta regional y para disfrutar de un almuerzo sabroso y t\u00edpico.<\/p>\n","protected":false},"featured_media":3663,"comment_status":"open","ping_status":"closed","template":"","meta":[],"product_cat":[778,779,812,830],"product_tag":[],"yoast_head":"<!-- This site is optimized with the Yoast SEO plugin v19.3 - https:\/\/yoast.com\/wordpress\/plugins\/seo\/ -->\n<title>Salvador Art y Sabor - Excursi\u00f3n - Tours Bahia<\/title>\n<meta name=\"robots\" content=\"index, follow, max-snippet:-1, max-image-preview:large, max-video-preview:-1\" \/>\n<link rel=\"canonical\" href=\"https:\/\/www.toursbahia.com.br\/es\/loja\/excursiones\/salvador-art-y-sabor-excursion\/\" \/>\n<meta property=\"og:locale\" content=\"es_ES\" \/>\n<meta property=\"og:type\" content=\"article\" \/>\n<meta property=\"og:title\" content=\"Salvador Art y Sabor - Excursi\u00f3n - Tours Bahia\" \/>\n<meta property=\"og:description\" content=\"Haremos un recorrido entre los barrios de Barra y Rio Vermelho visitando los Fuertes de Santa Mar\u00eda y S\u00e3o Diogo, el Memorial de la Casa de Jorge Amado y el Mercado de Rio Vermelho, tambi\u00e9n conocido como Ceasinha. Ubicados en la playa de Porto da Barra, los fuertes de Santa Mar\u00eda y S\u00e3o Diogo, que hist\u00f3ricamente sirvieron para defender la Bah\u00eda de Todos los Santos, ahora albergan espacios culturales con exposiciones interactivas del fot\u00f3grafo y etn\u00f3grafo franco-brasile\u00f1o Pierre Verger y del artista pl\u00e1stico argentino Caryb\u00e9.  Continuaremos nuestro recorrido en direcci\u00f3n al barrio de Rio Vermelho, considerado uno de los m\u00e1s bohemios de la ciudad. Visitaremos el Memorial de la Casa do Rio Vermelho, que fue el hogar de Jorge Amado y Z\u00e9lia Gattai. veremos que este espacio no se limita a la historia de los escritores, sino a los personajes, costumbres y signos que ayudaron a forjar la identidad de Bah\u00eda que fue presentada al mundo. Poco despu\u00e9s de la visita, seguiremos hacia el Mercado de Rio Vermelho (Ceasinha), un escaparate no s\u00f3lo para la artesan\u00eda de Bah\u00eda, sino tambi\u00e9n para la cocina regional. Podremos parar para ir de compras, para una degustaci\u00f3n de fruta regional y para disfrutar de un almuerzo sabroso y t\u00edpico.\" \/>\n<meta property=\"og:url\" content=\"https:\/\/www.toursbahia.com.br\/es\/loja\/excursiones\/salvador-art-y-sabor-excursion\/\" \/>\n<meta property=\"og:site_name\" content=\"Tours Bahia\" \/>\n<meta property=\"article:publisher\" content=\"https:\/\/www.facebook.com\/toursbahiainternational\" \/>\n<meta property=\"article:modified_time\" content=\"2019-02-06T03:15:40+00:00\" \/>\n<meta property=\"og:image\" content=\"https:\/\/www.toursbahia.com.br\/wp-content\/uploads\/2018\/12\/Salvador-Arte-e-Sabor-Foto-04.jpg\" \/>\n\t<meta property=\"og:image:width\" content=\"900\" \/>\n\t<meta property=\"og:image:height\" content=\"550\" \/>\n\t<meta property=\"og:image:type\" content=\"image\/jpeg\" \/>\n<meta name=\"twitter:card\" content=\"summary_large_image\" \/>\n<script type=\"application\/ld+json\" class=\"yoast-schema-graph\">{\"@context\":\"https:\/\/schema.org\",\"@graph\":[{\"@type\":\"WebSite\",\"@id\":\"https:\/\/www.toursbahia.com.br\/#website\",\"url\":\"https:\/\/www.toursbahia.com.br\/\",\"name\":\"Tours Bahia\",\"description\":\"\",\"potentialAction\":[{\"@type\":\"SearchAction\",\"target\":{\"@type\":\"EntryPoint\",\"urlTemplate\":\"https:\/\/www.toursbahia.com.br\/?s={search_term_string}\"},\"query-input\":\"required name=search_term_string\"}],\"inLanguage\":\"es\"},{\"@type\":\"ImageObject\",\"inLanguage\":\"es\",\"@id\":\"https:\/\/www.toursbahia.com.br\/es\/loja\/excursiones\/salvador-art-y-sabor-excursion\/#primaryimage\",\"url\":\"https:\/\/www.toursbahia.com.br\/wp-content\/uploads\/2018\/12\/Salvador-Arte-e-Sabor-Foto-04.jpg\",\"contentUrl\":\"https:\/\/www.toursbahia.com.br\/wp-content\/uploads\/2018\/12\/Salvador-Arte-e-Sabor-Foto-04.jpg\",\"width\":900,\"height\":550},{\"@type\":\"WebPage\",\"@id\":\"https:\/\/www.toursbahia.com.br\/es\/loja\/excursiones\/salvador-art-y-sabor-excursion\/\",\"url\":\"https:\/\/www.toursbahia.com.br\/es\/loja\/excursiones\/salvador-art-y-sabor-excursion\/\",\"name\":\"Salvador Art y Sabor - Excursi\u00f3n - Tours Bahia\",\"isPartOf\":{\"@id\":\"https:\/\/www.toursbahia.com.br\/#website\"},\"primaryImageOfPage\":{\"@id\":\"https:\/\/www.toursbahia.com.br\/es\/loja\/excursiones\/salvador-art-y-sabor-excursion\/#primaryimage\"},\"datePublished\":\"2019-01-21T15:23:15+00:00\",\"dateModified\":\"2019-02-06T03:15:40+00:00\",\"breadcrumb\":{\"@id\":\"https:\/\/www.toursbahia.com.br\/es\/loja\/excursiones\/salvador-art-y-sabor-excursion\/#breadcrumb\"},\"inLanguage\":\"es\",\"potentialAction\":[{\"@type\":\"ReadAction\",\"target\":[\"https:\/\/www.toursbahia.com.br\/es\/loja\/excursiones\/salvador-art-y-sabor-excursion\/\"]}]},{\"@type\":\"BreadcrumbList\",\"@id\":\"https:\/\/www.toursbahia.com.br\/es\/loja\/excursiones\/salvador-art-y-sabor-excursion\/#breadcrumb\",\"itemListElement\":[{\"@type\":\"ListItem\",\"position\":1,\"name\":\"In\u00edcio\",\"item\":\"https:\/\/www.toursbahia.com.br\/es\/\"},{\"@type\":\"ListItem\",\"position\":2,\"name\":\"Store\",\"item\":\"https:\/\/www.toursbahia.com.br\/es\/store-tours-bahia-internacional\/\"},{\"@type\":\"ListItem\",\"position\":3,\"name\":\"Salvador Art y Sabor &#8211; Excursi\u00f3n\"}]}]}<\/script>\n<!-- \/ Yoast SEO plugin. -->","yoast_head_json":{"title":"Salvador Art y Sabor - Excursi\u00f3n - Tours Bahia","robots":{"index":"index","follow":"follow","max-snippet":"max-snippet:-1","max-image-preview":"max-image-preview:large","max-video-preview":"max-video-preview:-1"},"canonical":"https:\/\/www.toursbahia.com.br\/es\/loja\/excursiones\/salvador-art-y-sabor-excursion\/","og_locale":"es_ES","og_type":"article","og_title":"Salvador Art y Sabor - Excursi\u00f3n - Tours Bahia","og_description":"Haremos un recorrido entre los barrios de Barra y Rio Vermelho visitando los Fuertes de Santa Mar\u00eda y S\u00e3o Diogo, el Memorial de la Casa de Jorge Amado y el Mercado de Rio Vermelho, tambi\u00e9n conocido como Ceasinha. Ubicados en la playa de Porto da Barra, los fuertes de Santa Mar\u00eda y S\u00e3o Diogo, que hist\u00f3ricamente sirvieron para defender la Bah\u00eda de Todos los Santos, ahora albergan espacios culturales con exposiciones interactivas del fot\u00f3grafo y etn\u00f3grafo franco-brasile\u00f1o Pierre Verger y del artista pl\u00e1stico argentino Caryb\u00e9.  Continuaremos nuestro recorrido en direcci\u00f3n al barrio de Rio Vermelho, considerado uno de los m\u00e1s bohemios de la ciudad. Visitaremos el Memorial de la Casa do Rio Vermelho, que fue el hogar de Jorge Amado y Z\u00e9lia Gattai. veremos que este espacio no se limita a la historia de los escritores, sino a los personajes, costumbres y signos que ayudaron a forjar la identidad de Bah\u00eda que fue presentada al mundo. Poco despu\u00e9s de la visita, seguiremos hacia el Mercado de Rio Vermelho (Ceasinha), un escaparate no s\u00f3lo para la artesan\u00eda de Bah\u00eda, sino tambi\u00e9n para la cocina regional. Podremos parar para ir de compras, para una degustaci\u00f3n de fruta regional y para disfrutar de un almuerzo sabroso y t\u00edpico.","og_url":"https:\/\/www.toursbahia.com.br\/es\/loja\/excursiones\/salvador-art-y-sabor-excursion\/","og_site_name":"Tours Bahia","article_publisher":"https:\/\/www.facebook.com\/toursbahiainternational","article_modified_time":"2019-02-06T03:15:40+00:00","og_image":[{"width":900,"height":550,"url":"https:\/\/www.toursbahia.com.br\/wp-content\/uploads\/2018\/12\/Salvador-Arte-e-Sabor-Foto-04.jpg","type":"image\/jpeg"}],"twitter_card":"summary_large_image","schema":{"@context":"https:\/\/schema.org","@graph":[{"@type":"WebSite","@id":"https:\/\/www.toursbahia.com.br\/#website","url":"https:\/\/www.toursbahia.com.br\/","name":"Tours Bahia","description":"","potentialAction":[{"@type":"SearchAction","target":{"@type":"EntryPoint","urlTemplate":"https:\/\/www.toursbahia.com.br\/?s={search_term_string}"},"query-input":"required name=search_term_string"}],"inLanguage":"es"},{"@type":"ImageObject","inLanguage":"es","@id":"https:\/\/www.toursbahia.com.br\/es\/loja\/excursiones\/salvador-art-y-sabor-excursion\/#primaryimage","url":"https:\/\/www.toursbahia.com.br\/wp-content\/uploads\/2018\/12\/Salvador-Arte-e-Sabor-Foto-04.jpg","contentUrl":"https:\/\/www.toursbahia.com.br\/wp-content\/uploads\/2018\/12\/Salvador-Arte-e-Sabor-Foto-04.jpg","width":900,"height":550},{"@type":"WebPage","@id":"https:\/\/www.toursbahia.com.br\/es\/loja\/excursiones\/salvador-art-y-sabor-excursion\/","url":"https:\/\/www.toursbahia.com.br\/es\/loja\/excursiones\/salvador-art-y-sabor-excursion\/","name":"Salvador Art y Sabor - Excursi\u00f3n - Tours Bahia","isPartOf":{"@id":"https:\/\/www.toursbahia.com.br\/#website"},"primaryImageOfPage":{"@id":"https:\/\/www.toursbahia.com.br\/es\/loja\/excursiones\/salvador-art-y-sabor-excursion\/#primaryimage"},"datePublished":"2019-01-21T15:23:15+00:00","dateModified":"2019-02-06T03:15:40+00:00","breadcrumb":{"@id":"https:\/\/www.toursbahia.com.br\/es\/loja\/excursiones\/salvador-art-y-sabor-excursion\/#breadcrumb"},"inLanguage":"es","potentialAction":[{"@type":"ReadAction","target":["https:\/\/www.toursbahia.com.br\/es\/loja\/excursiones\/salvador-art-y-sabor-excursion\/"]}]},{"@type":"BreadcrumbList","@id":"https:\/\/www.toursbahia.com.br\/es\/loja\/excursiones\/salvador-art-y-sabor-excursion\/#breadcrumb","itemListElement":[{"@type":"ListItem","position":1,"name":"In\u00edcio","item":"https:\/\/www.toursbahia.com.br\/es\/"},{"@type":"ListItem","position":2,"name":"Store","item":"https:\/\/www.toursbahia.com.br\/es\/store-tours-bahia-internacional\/"},{"@type":"ListItem","position":3,"name":"Salvador Art y Sabor &#8211; Excursi\u00f3n"}]}]}},"_links":{"self":[{"href":"https:\/\/www.toursbahia.com.br\/es\/wp-json\/wp\/v2\/product\/3662"}],"collection":[{"href":"https:\/\/www.toursbahia.com.br\/es\/wp-json\/wp\/v2\/product"}],"about":[{"href":"https:\/\/www.toursbahia.com.br\/es\/wp-json\/wp\/v2\/types\/product"}],"replies":[{"embeddable":true,"href":"https:\/\/www.toursbahia.com.br\/es\/wp-json\/wp\/v2\/comments?post=3662"}],"wp:featuredmedia":[{"embeddable":true,"href":"https:\/\/www.toursbahia.com.br\/es\/wp-json\/wp\/v2\/media\/3663"}],"wp:attachment":[{"href":"https:\/\/www.toursbahia.com.br\/es\/wp-json\/wp\/v2\/media?parent=3662"}],"wp:term":[{"taxonomy":"product_cat","embeddable":true,"href":"https:\/\/www.toursbahia.com.br\/es\/wp-json\/wp\/v2\/product_cat?post=3662"},{"taxonomy":"product_tag","embeddable":true,"href":"https:\/\/www.toursbahia.com.br\/es\/wp-json\/wp\/v2\/product_tag?post=3662"}],"curies":[{"name":"wp","href":"https:\/\/api.w.org\/{rel}","templated":true}]}}