{"id":3666,"date":"2019-01-21T13:27:54","date_gmt":"2019-01-21T15:27:54","guid":{"rendered":"https:\/\/www.toursbahia.com.br\/\/produto\/sincategorizar\/canoa-havaiana-passeio\/"},"modified":"2025-05-31T09:08:09","modified_gmt":"2025-05-31T12:08:09","slug":"canoa-havaiana-excursion","status":"publish","type":"product","link":"https:\/\/www.toursbahia.com.br\/es\/loja\/excursiones\/canoa-havaiana-excursion\/","title":{"rendered":"Canoa Havaiana &#8211; Excursi\u00f3n"},"content":{"rendered":"","protected":false},"excerpt":{"rendered":"<p>En esta excursi\u00f3n veremos una parte de la costa de Salvador a bordo de un barco milenario. Remando en una canoa hawaiana pasearemos por la costa del \u201cCorredor da Vit\u00f3ria\u201d con sus imponentes edificios, hogar de muchos artistas bahianos, y por la encantadora villa de Gamboa que conserva la historia de los esclavos negros, ind\u00edgenas y viejos pescadores. Vamos a ver tambi\u00e9n las ruinas del Fuerte de S\u00e3o Paulo da Gamboa, hasta llegar a las aguas frente al Museo de Arte Moderno donde nos detendremos para un ba\u00f1o de mar. Despu\u00e9s del ba\u00f1o regresaremos al punto de partida, el Puerto de Barra.<\/p>\n","protected":false},"featured_media":2576,"comment_status":"open","ping_status":"closed","template":"","meta":[],"product_cat":[778,779,823,812],"product_tag":[],"yoast_head":"<!-- This site is optimized with the Yoast SEO plugin v19.3 - https:\/\/yoast.com\/wordpress\/plugins\/seo\/ -->\n<title>Canoa Havaiana - Excursi\u00f3n - Tours Bahia<\/title>\n<meta name=\"robots\" content=\"index, follow, max-snippet:-1, max-image-preview:large, max-video-preview:-1\" \/>\n<link rel=\"canonical\" href=\"https:\/\/www.toursbahia.com.br\/es\/loja\/excursiones\/canoa-havaiana-excursion\/\" \/>\n<meta property=\"og:locale\" content=\"es_ES\" \/>\n<meta property=\"og:type\" content=\"article\" \/>\n<meta property=\"og:title\" content=\"Canoa Havaiana - Excursi\u00f3n - Tours Bahia\" \/>\n<meta property=\"og:description\" content=\"En esta excursi\u00f3n veremos una parte de la costa de Salvador a bordo de un barco milenario. Remando en una canoa hawaiana pasearemos por la costa del \u201cCorredor da Vit\u00f3ria\u201d con sus imponentes edificios, hogar de muchos artistas bahianos, y por la encantadora villa de Gamboa que conserva la historia de los esclavos negros, ind\u00edgenas y viejos pescadores. Vamos a ver tambi\u00e9n las ruinas del Fuerte de S\u00e3o Paulo da Gamboa, hasta llegar a las aguas frente al Museo de Arte Moderno donde nos detendremos para un ba\u00f1o de mar. Despu\u00e9s del ba\u00f1o regresaremos al punto de partida, el Puerto de Barra.\" \/>\n<meta property=\"og:url\" content=\"https:\/\/www.toursbahia.com.br\/es\/loja\/excursiones\/canoa-havaiana-excursion\/\" \/>\n<meta property=\"og:site_name\" content=\"Tours Bahia\" \/>\n<meta property=\"article:publisher\" content=\"https:\/\/www.facebook.com\/toursbahiainternational\" \/>\n<meta property=\"article:modified_time\" content=\"2025-05-31T12:08:09+00:00\" \/>\n<meta property=\"og:image\" content=\"https:\/\/www.toursbahia.com.br\/wp-content\/uploads\/2018\/12\/Canoa-Havaiana-Foto-03.jpg\" \/>\n\t<meta property=\"og:image:width\" content=\"900\" \/>\n\t<meta property=\"og:image:height\" content=\"550\" \/>\n\t<meta property=\"og:image:type\" content=\"image\/jpeg\" \/>\n<meta name=\"twitter:card\" content=\"summary_large_image\" \/>\n<script type=\"application\/ld+json\" class=\"yoast-schema-graph\">{\"@context\":\"https:\/\/schema.org\",\"@graph\":[{\"@type\":\"WebSite\",\"@id\":\"https:\/\/www.toursbahia.com.br\/#website\",\"url\":\"https:\/\/www.toursbahia.com.br\/\",\"name\":\"Tours Bahia\",\"description\":\"\",\"potentialAction\":[{\"@type\":\"SearchAction\",\"target\":{\"@type\":\"EntryPoint\",\"urlTemplate\":\"https:\/\/www.toursbahia.com.br\/?s={search_term_string}\"},\"query-input\":\"required name=search_term_string\"}],\"inLanguage\":\"es\"},{\"@type\":\"ImageObject\",\"inLanguage\":\"es\",\"@id\":\"https:\/\/www.toursbahia.com.br\/es\/loja\/excursiones\/canoa-havaiana-excursion\/#primaryimage\",\"url\":\"https:\/\/www.toursbahia.com.br\/wp-content\/uploads\/2018\/12\/Canoa-Havaiana-Foto-03.jpg\",\"contentUrl\":\"https:\/\/www.toursbahia.com.br\/wp-content\/uploads\/2018\/12\/Canoa-Havaiana-Foto-03.jpg\",\"width\":900,\"height\":550},{\"@type\":\"WebPage\",\"@id\":\"https:\/\/www.toursbahia.com.br\/es\/loja\/excursiones\/canoa-havaiana-excursion\/\",\"url\":\"https:\/\/www.toursbahia.com.br\/es\/loja\/excursiones\/canoa-havaiana-excursion\/\",\"name\":\"Canoa Havaiana - Excursi\u00f3n - Tours Bahia\",\"isPartOf\":{\"@id\":\"https:\/\/www.toursbahia.com.br\/#website\"},\"primaryImageOfPage\":{\"@id\":\"https:\/\/www.toursbahia.com.br\/es\/loja\/excursiones\/canoa-havaiana-excursion\/#primaryimage\"},\"datePublished\":\"2019-01-21T15:27:54+00:00\",\"dateModified\":\"2025-05-31T12:08:09+00:00\",\"breadcrumb\":{\"@id\":\"https:\/\/www.toursbahia.com.br\/es\/loja\/excursiones\/canoa-havaiana-excursion\/#breadcrumb\"},\"inLanguage\":\"es\",\"potentialAction\":[{\"@type\":\"ReadAction\",\"target\":[\"https:\/\/www.toursbahia.com.br\/es\/loja\/excursiones\/canoa-havaiana-excursion\/\"]}]},{\"@type\":\"BreadcrumbList\",\"@id\":\"https:\/\/www.toursbahia.com.br\/es\/loja\/excursiones\/canoa-havaiana-excursion\/#breadcrumb\",\"itemListElement\":[{\"@type\":\"ListItem\",\"position\":1,\"name\":\"In\u00edcio\",\"item\":\"https:\/\/www.toursbahia.com.br\/es\/\"},{\"@type\":\"ListItem\",\"position\":2,\"name\":\"Store\",\"item\":\"https:\/\/www.toursbahia.com.br\/es\/store-tours-bahia-internacional\/\"},{\"@type\":\"ListItem\",\"position\":3,\"name\":\"Canoa Havaiana &#8211; Excursi\u00f3n\"}]}]}<\/script>\n<!-- \/ Yoast SEO plugin. -->","yoast_head_json":{"title":"Canoa Havaiana - Excursi\u00f3n - Tours Bahia","robots":{"index":"index","follow":"follow","max-snippet":"max-snippet:-1","max-image-preview":"max-image-preview:large","max-video-preview":"max-video-preview:-1"},"canonical":"https:\/\/www.toursbahia.com.br\/es\/loja\/excursiones\/canoa-havaiana-excursion\/","og_locale":"es_ES","og_type":"article","og_title":"Canoa Havaiana - Excursi\u00f3n - Tours Bahia","og_description":"En esta excursi\u00f3n veremos una parte de la costa de Salvador a bordo de un barco milenario. Remando en una canoa hawaiana pasearemos por la costa del \u201cCorredor da Vit\u00f3ria\u201d con sus imponentes edificios, hogar de muchos artistas bahianos, y por la encantadora villa de Gamboa que conserva la historia de los esclavos negros, ind\u00edgenas y viejos pescadores. Vamos a ver tambi\u00e9n las ruinas del Fuerte de S\u00e3o Paulo da Gamboa, hasta llegar a las aguas frente al Museo de Arte Moderno donde nos detendremos para un ba\u00f1o de mar. Despu\u00e9s del ba\u00f1o regresaremos al punto de partida, el Puerto de Barra.","og_url":"https:\/\/www.toursbahia.com.br\/es\/loja\/excursiones\/canoa-havaiana-excursion\/","og_site_name":"Tours Bahia","article_publisher":"https:\/\/www.facebook.com\/toursbahiainternational","article_modified_time":"2025-05-31T12:08:09+00:00","og_image":[{"width":900,"height":550,"url":"https:\/\/www.toursbahia.com.br\/wp-content\/uploads\/2018\/12\/Canoa-Havaiana-Foto-03.jpg","type":"image\/jpeg"}],"twitter_card":"summary_large_image","schema":{"@context":"https:\/\/schema.org","@graph":[{"@type":"WebSite","@id":"https:\/\/www.toursbahia.com.br\/#website","url":"https:\/\/www.toursbahia.com.br\/","name":"Tours Bahia","description":"","potentialAction":[{"@type":"SearchAction","target":{"@type":"EntryPoint","urlTemplate":"https:\/\/www.toursbahia.com.br\/?s={search_term_string}"},"query-input":"required name=search_term_string"}],"inLanguage":"es"},{"@type":"ImageObject","inLanguage":"es","@id":"https:\/\/www.toursbahia.com.br\/es\/loja\/excursiones\/canoa-havaiana-excursion\/#primaryimage","url":"https:\/\/www.toursbahia.com.br\/wp-content\/uploads\/2018\/12\/Canoa-Havaiana-Foto-03.jpg","contentUrl":"https:\/\/www.toursbahia.com.br\/wp-content\/uploads\/2018\/12\/Canoa-Havaiana-Foto-03.jpg","width":900,"height":550},{"@type":"WebPage","@id":"https:\/\/www.toursbahia.com.br\/es\/loja\/excursiones\/canoa-havaiana-excursion\/","url":"https:\/\/www.toursbahia.com.br\/es\/loja\/excursiones\/canoa-havaiana-excursion\/","name":"Canoa Havaiana - Excursi\u00f3n - Tours Bahia","isPartOf":{"@id":"https:\/\/www.toursbahia.com.br\/#website"},"primaryImageOfPage":{"@id":"https:\/\/www.toursbahia.com.br\/es\/loja\/excursiones\/canoa-havaiana-excursion\/#primaryimage"},"datePublished":"2019-01-21T15:27:54+00:00","dateModified":"2025-05-31T12:08:09+00:00","breadcrumb":{"@id":"https:\/\/www.toursbahia.com.br\/es\/loja\/excursiones\/canoa-havaiana-excursion\/#breadcrumb"},"inLanguage":"es","potentialAction":[{"@type":"ReadAction","target":["https:\/\/www.toursbahia.com.br\/es\/loja\/excursiones\/canoa-havaiana-excursion\/"]}]},{"@type":"BreadcrumbList","@id":"https:\/\/www.toursbahia.com.br\/es\/loja\/excursiones\/canoa-havaiana-excursion\/#breadcrumb","itemListElement":[{"@type":"ListItem","position":1,"name":"In\u00edcio","item":"https:\/\/www.toursbahia.com.br\/es\/"},{"@type":"ListItem","position":2,"name":"Store","item":"https:\/\/www.toursbahia.com.br\/es\/store-tours-bahia-internacional\/"},{"@type":"ListItem","position":3,"name":"Canoa Havaiana &#8211; Excursi\u00f3n"}]}]}},"_links":{"self":[{"href":"https:\/\/www.toursbahia.com.br\/es\/wp-json\/wp\/v2\/product\/3666"}],"collection":[{"href":"https:\/\/www.toursbahia.com.br\/es\/wp-json\/wp\/v2\/product"}],"about":[{"href":"https:\/\/www.toursbahia.com.br\/es\/wp-json\/wp\/v2\/types\/product"}],"replies":[{"embeddable":true,"href":"https:\/\/www.toursbahia.com.br\/es\/wp-json\/wp\/v2\/comments?post=3666"}],"wp:featuredmedia":[{"embeddable":true,"href":"https:\/\/www.toursbahia.com.br\/es\/wp-json\/wp\/v2\/media\/2576"}],"wp:attachment":[{"href":"https:\/\/www.toursbahia.com.br\/es\/wp-json\/wp\/v2\/media?parent=3666"}],"wp:term":[{"taxonomy":"product_cat","embeddable":true,"href":"https:\/\/www.toursbahia.com.br\/es\/wp-json\/wp\/v2\/product_cat?post=3666"},{"taxonomy":"product_tag","embeddable":true,"href":"https:\/\/www.toursbahia.com.br\/es\/wp-json\/wp\/v2\/product_tag?post=3666"}],"curies":[{"name":"wp","href":"https:\/\/api.w.org\/{rel}","templated":true}]}}