{"id":3669,"date":"2019-01-21T13:18:56","date_gmt":"2019-01-21T15:18:56","guid":{"rendered":"https:\/\/www.toursbahia.com.br\/\/produto\/sincategorizar\/bike-tour-cidade-baixa-passeio\/"},"modified":"2025-06-06T23:41:30","modified_gmt":"2025-06-07T02:41:30","slug":"bike-tour-ciudad-baja-excursion","status":"publish","type":"product","link":"https:\/\/www.toursbahia.com.br\/es\/loja\/excursiones\/bike-tour-ciudad-baja-excursion\/","title":{"rendered":"Bike Tour: Ciudad Baja &#8211; Excursi\u00f3n"},"content":{"rendered":"","protected":false},"excerpt":{"rendered":"<p>La Ciudad Baja est\u00e1 separada de la otra parte de Salvador por una falla geol\u00f3gica de unos 70 metros como se puede ver desde el Elevador Lacerda. Siendo pr\u00e1cticamente plana, la Ciudad Baja acoge algunas postales importantes de Salvador, como la Iglesia del Bonfim, que es el destino de una de las fiestas m\u00e1s tradicionales de Bah\u00eda y marcada por el sincretismo religioso.<\/p>\n<p>La ruta entre Ribeira y Bonfim es toda por la costa que tiene hermosos paisajes con un enorme potencial para fotograf\u00edas maravillosas, sin mencionar la puesta de sol. Adem\u00e1s de todo esto, la ciudad baja es conocida por tener una gran concentraci\u00f3n de bares y restaurantes especializados en mariscos y uno de las m\u00e1s famosas helader\u00eda de la ciudad.<\/p>\n","protected":false},"featured_media":2403,"comment_status":"open","ping_status":"closed","template":"","meta":[],"product_cat":[778,779,821,812],"product_tag":[],"yoast_head":"<!-- This site is optimized with the Yoast SEO plugin v19.3 - https:\/\/yoast.com\/wordpress\/plugins\/seo\/ -->\n<title>Bike Tour: Ciudad Baja - Excursi\u00f3n - Tours Bahia<\/title>\n<meta name=\"robots\" content=\"index, follow, max-snippet:-1, max-image-preview:large, max-video-preview:-1\" \/>\n<link rel=\"canonical\" href=\"https:\/\/www.toursbahia.com.br\/es\/loja\/excursiones\/bike-tour-ciudad-baja-excursion\/\" \/>\n<meta property=\"og:locale\" content=\"es_ES\" \/>\n<meta property=\"og:type\" content=\"article\" \/>\n<meta property=\"og:title\" content=\"Bike Tour: Ciudad Baja - Excursi\u00f3n - Tours Bahia\" \/>\n<meta property=\"og:description\" content=\"La Ciudad Baja est\u00e1 separada de la otra parte de Salvador por una falla geol\u00f3gica de unos 70 metros como se puede ver desde el Elevador Lacerda. Siendo pr\u00e1cticamente plana, la Ciudad Baja acoge algunas postales importantes de Salvador, como la Iglesia del Bonfim, que es el destino de una de las fiestas m\u00e1s tradicionales de Bah\u00eda y marcada por el sincretismo religioso.  La ruta entre Ribeira y Bonfim es toda por la costa que tiene hermosos paisajes con un enorme potencial para fotograf\u00edas maravillosas, sin mencionar la puesta de sol. Adem\u00e1s de todo esto, la ciudad baja es conocida por tener una gran concentraci\u00f3n de bares y restaurantes especializados en mariscos y uno de las m\u00e1s famosas helader\u00eda de la ciudad.\" \/>\n<meta property=\"og:url\" content=\"https:\/\/www.toursbahia.com.br\/es\/loja\/excursiones\/bike-tour-ciudad-baja-excursion\/\" \/>\n<meta property=\"og:site_name\" content=\"Tours Bahia\" \/>\n<meta property=\"article:publisher\" content=\"https:\/\/www.facebook.com\/toursbahiainternational\" \/>\n<meta property=\"article:modified_time\" content=\"2025-06-07T02:41:30+00:00\" \/>\n<meta property=\"og:image\" content=\"https:\/\/www.toursbahia.com.br\/wp-content\/uploads\/2018\/12\/foto-03-salvador-bike-tours-bahia.jpg\" \/>\n\t<meta property=\"og:image:width\" content=\"900\" \/>\n\t<meta property=\"og:image:height\" content=\"550\" \/>\n\t<meta property=\"og:image:type\" content=\"image\/jpeg\" \/>\n<meta name=\"twitter:card\" content=\"summary_large_image\" \/>\n<script type=\"application\/ld+json\" class=\"yoast-schema-graph\">{\"@context\":\"https:\/\/schema.org\",\"@graph\":[{\"@type\":\"WebSite\",\"@id\":\"https:\/\/www.toursbahia.com.br\/#website\",\"url\":\"https:\/\/www.toursbahia.com.br\/\",\"name\":\"Tours Bahia\",\"description\":\"\",\"potentialAction\":[{\"@type\":\"SearchAction\",\"target\":{\"@type\":\"EntryPoint\",\"urlTemplate\":\"https:\/\/www.toursbahia.com.br\/?s={search_term_string}\"},\"query-input\":\"required name=search_term_string\"}],\"inLanguage\":\"es\"},{\"@type\":\"ImageObject\",\"inLanguage\":\"es\",\"@id\":\"https:\/\/www.toursbahia.com.br\/es\/loja\/excursiones\/bike-tour-ciudad-baja-excursion\/#primaryimage\",\"url\":\"https:\/\/www.toursbahia.com.br\/wp-content\/uploads\/2018\/12\/foto-03-salvador-bike-tours-bahia.jpg\",\"contentUrl\":\"https:\/\/www.toursbahia.com.br\/wp-content\/uploads\/2018\/12\/foto-03-salvador-bike-tours-bahia.jpg\",\"width\":900,\"height\":550},{\"@type\":\"WebPage\",\"@id\":\"https:\/\/www.toursbahia.com.br\/es\/loja\/excursiones\/bike-tour-ciudad-baja-excursion\/\",\"url\":\"https:\/\/www.toursbahia.com.br\/es\/loja\/excursiones\/bike-tour-ciudad-baja-excursion\/\",\"name\":\"Bike Tour: Ciudad Baja - Excursi\u00f3n - Tours Bahia\",\"isPartOf\":{\"@id\":\"https:\/\/www.toursbahia.com.br\/#website\"},\"primaryImageOfPage\":{\"@id\":\"https:\/\/www.toursbahia.com.br\/es\/loja\/excursiones\/bike-tour-ciudad-baja-excursion\/#primaryimage\"},\"datePublished\":\"2019-01-21T15:18:56+00:00\",\"dateModified\":\"2025-06-07T02:41:30+00:00\",\"breadcrumb\":{\"@id\":\"https:\/\/www.toursbahia.com.br\/es\/loja\/excursiones\/bike-tour-ciudad-baja-excursion\/#breadcrumb\"},\"inLanguage\":\"es\",\"potentialAction\":[{\"@type\":\"ReadAction\",\"target\":[\"https:\/\/www.toursbahia.com.br\/es\/loja\/excursiones\/bike-tour-ciudad-baja-excursion\/\"]}]},{\"@type\":\"BreadcrumbList\",\"@id\":\"https:\/\/www.toursbahia.com.br\/es\/loja\/excursiones\/bike-tour-ciudad-baja-excursion\/#breadcrumb\",\"itemListElement\":[{\"@type\":\"ListItem\",\"position\":1,\"name\":\"In\u00edcio\",\"item\":\"https:\/\/www.toursbahia.com.br\/es\/\"},{\"@type\":\"ListItem\",\"position\":2,\"name\":\"Store\",\"item\":\"https:\/\/www.toursbahia.com.br\/es\/store-tours-bahia-internacional\/\"},{\"@type\":\"ListItem\",\"position\":3,\"name\":\"Bike Tour: Ciudad Baja &#8211; Excursi\u00f3n\"}]}]}<\/script>\n<!-- \/ Yoast SEO plugin. -->","yoast_head_json":{"title":"Bike Tour: Ciudad Baja - Excursi\u00f3n - Tours Bahia","robots":{"index":"index","follow":"follow","max-snippet":"max-snippet:-1","max-image-preview":"max-image-preview:large","max-video-preview":"max-video-preview:-1"},"canonical":"https:\/\/www.toursbahia.com.br\/es\/loja\/excursiones\/bike-tour-ciudad-baja-excursion\/","og_locale":"es_ES","og_type":"article","og_title":"Bike Tour: Ciudad Baja - Excursi\u00f3n - Tours Bahia","og_description":"La Ciudad Baja est\u00e1 separada de la otra parte de Salvador por una falla geol\u00f3gica de unos 70 metros como se puede ver desde el Elevador Lacerda. Siendo pr\u00e1cticamente plana, la Ciudad Baja acoge algunas postales importantes de Salvador, como la Iglesia del Bonfim, que es el destino de una de las fiestas m\u00e1s tradicionales de Bah\u00eda y marcada por el sincretismo religioso.  La ruta entre Ribeira y Bonfim es toda por la costa que tiene hermosos paisajes con un enorme potencial para fotograf\u00edas maravillosas, sin mencionar la puesta de sol. Adem\u00e1s de todo esto, la ciudad baja es conocida por tener una gran concentraci\u00f3n de bares y restaurantes especializados en mariscos y uno de las m\u00e1s famosas helader\u00eda de la ciudad.","og_url":"https:\/\/www.toursbahia.com.br\/es\/loja\/excursiones\/bike-tour-ciudad-baja-excursion\/","og_site_name":"Tours Bahia","article_publisher":"https:\/\/www.facebook.com\/toursbahiainternational","article_modified_time":"2025-06-07T02:41:30+00:00","og_image":[{"width":900,"height":550,"url":"https:\/\/www.toursbahia.com.br\/wp-content\/uploads\/2018\/12\/foto-03-salvador-bike-tours-bahia.jpg","type":"image\/jpeg"}],"twitter_card":"summary_large_image","schema":{"@context":"https:\/\/schema.org","@graph":[{"@type":"WebSite","@id":"https:\/\/www.toursbahia.com.br\/#website","url":"https:\/\/www.toursbahia.com.br\/","name":"Tours Bahia","description":"","potentialAction":[{"@type":"SearchAction","target":{"@type":"EntryPoint","urlTemplate":"https:\/\/www.toursbahia.com.br\/?s={search_term_string}"},"query-input":"required name=search_term_string"}],"inLanguage":"es"},{"@type":"ImageObject","inLanguage":"es","@id":"https:\/\/www.toursbahia.com.br\/es\/loja\/excursiones\/bike-tour-ciudad-baja-excursion\/#primaryimage","url":"https:\/\/www.toursbahia.com.br\/wp-content\/uploads\/2018\/12\/foto-03-salvador-bike-tours-bahia.jpg","contentUrl":"https:\/\/www.toursbahia.com.br\/wp-content\/uploads\/2018\/12\/foto-03-salvador-bike-tours-bahia.jpg","width":900,"height":550},{"@type":"WebPage","@id":"https:\/\/www.toursbahia.com.br\/es\/loja\/excursiones\/bike-tour-ciudad-baja-excursion\/","url":"https:\/\/www.toursbahia.com.br\/es\/loja\/excursiones\/bike-tour-ciudad-baja-excursion\/","name":"Bike Tour: Ciudad Baja - Excursi\u00f3n - Tours Bahia","isPartOf":{"@id":"https:\/\/www.toursbahia.com.br\/#website"},"primaryImageOfPage":{"@id":"https:\/\/www.toursbahia.com.br\/es\/loja\/excursiones\/bike-tour-ciudad-baja-excursion\/#primaryimage"},"datePublished":"2019-01-21T15:18:56+00:00","dateModified":"2025-06-07T02:41:30+00:00","breadcrumb":{"@id":"https:\/\/www.toursbahia.com.br\/es\/loja\/excursiones\/bike-tour-ciudad-baja-excursion\/#breadcrumb"},"inLanguage":"es","potentialAction":[{"@type":"ReadAction","target":["https:\/\/www.toursbahia.com.br\/es\/loja\/excursiones\/bike-tour-ciudad-baja-excursion\/"]}]},{"@type":"BreadcrumbList","@id":"https:\/\/www.toursbahia.com.br\/es\/loja\/excursiones\/bike-tour-ciudad-baja-excursion\/#breadcrumb","itemListElement":[{"@type":"ListItem","position":1,"name":"In\u00edcio","item":"https:\/\/www.toursbahia.com.br\/es\/"},{"@type":"ListItem","position":2,"name":"Store","item":"https:\/\/www.toursbahia.com.br\/es\/store-tours-bahia-internacional\/"},{"@type":"ListItem","position":3,"name":"Bike Tour: Ciudad Baja &#8211; Excursi\u00f3n"}]}]}},"_links":{"self":[{"href":"https:\/\/www.toursbahia.com.br\/es\/wp-json\/wp\/v2\/product\/3669"}],"collection":[{"href":"https:\/\/www.toursbahia.com.br\/es\/wp-json\/wp\/v2\/product"}],"about":[{"href":"https:\/\/www.toursbahia.com.br\/es\/wp-json\/wp\/v2\/types\/product"}],"replies":[{"embeddable":true,"href":"https:\/\/www.toursbahia.com.br\/es\/wp-json\/wp\/v2\/comments?post=3669"}],"wp:featuredmedia":[{"embeddable":true,"href":"https:\/\/www.toursbahia.com.br\/es\/wp-json\/wp\/v2\/media\/2403"}],"wp:attachment":[{"href":"https:\/\/www.toursbahia.com.br\/es\/wp-json\/wp\/v2\/media?parent=3669"}],"wp:term":[{"taxonomy":"product_cat","embeddable":true,"href":"https:\/\/www.toursbahia.com.br\/es\/wp-json\/wp\/v2\/product_cat?post=3669"},{"taxonomy":"product_tag","embeddable":true,"href":"https:\/\/www.toursbahia.com.br\/es\/wp-json\/wp\/v2\/product_tag?post=3669"}],"curies":[{"name":"wp","href":"https:\/\/api.w.org\/{rel}","templated":true}]}}